{"id":1728,"date":"2022-05-20T10:42:43","date_gmt":"2022-05-20T10:42:43","guid":{"rendered":"http:\/\/groupedeco.com\/conviertete-en-distribuidor\/"},"modified":"2022-11-17T16:27:32","modified_gmt":"2022-11-17T16:27:32","slug":"conviertete-en-distribuidor","status":"publish","type":"page","link":"https:\/\/groupedeco.com\/es\/conviertete-en-distribuidor\/","title":{"rendered":"Convi\u00e9rtete en Distribuidor"},"content":{"rendered":"\t\t<div data-elementor-type=\"wp-page\" data-elementor-id=\"1728\" class=\"elementor elementor-1728 elementor-576\" data-elementor-post-type=\"page\">\n\t\t\t\t\t\t<section class=\"elementor-section elementor-top-section elementor-element elementor-element-d61e559 elementor-section-boxed elementor-section-height-default elementor-section-height-default\" data-id=\"d61e559\" data-element_type=\"section\" data-settings=\"{&quot;background_background&quot;:&quot;classic&quot;}\">\n\t\t\t\t\t\t<div class=\"elementor-container elementor-column-gap-default\">\n\t\t\t\t\t<div class=\"elementor-column elementor-col-100 elementor-top-column elementor-element elementor-element-a92ba0e\" data-id=\"a92ba0e\" data-element_type=\"column\">\n\t\t\t<div class=\"elementor-widget-wrap elementor-element-populated\">\n\t\t\t\t\t\t<div class=\"elementor-element elementor-element-df7ca34 elementor-widget elementor-widget-spacer\" data-id=\"df7ca34\" data-element_type=\"widget\" data-widget_type=\"spacer.default\">\n\t\t\t\t\t\t\t<div class=\"elementor-spacer\">\n\t\t\t<div class=\"elementor-spacer-inner\"><\/div>\n\t\t<\/div>\n\t\t\t\t\t\t<\/div>\n\t\t\t\t<div class=\"elementor-element elementor-element-0be204f elementor-widget elementor-widget-heading\" data-id=\"0be204f\" data-element_type=\"widget\" data-widget_type=\"heading.default\">\n\t\t\t\t\t<h2 class=\"elementor-heading-title elementor-size-default\">CONVI\u00c9RTETE EN DISTRIBUIDOR<\/h2>\t\t\t\t<\/div>\n\t\t\t\t<div class=\"elementor-element elementor-element-f162f74 elementor-widget elementor-widget-heading\" data-id=\"f162f74\" data-element_type=\"widget\" data-widget_type=\"heading.default\">\n\t\t\t\t\t<h5 class=\"elementor-heading-title elementor-size-default\">Si eres un profesional del sector de la piscina y te interesa trabajar nuestra marca, no dudes en rellenar el formulario de contacto para profesionales y un responsable te contactar\u00e1. \nDisponemos de una marca exclusiva reservada a los profesionales del mundo de la piscina.\n<\/h5>\t\t\t\t<\/div>\n\t\t\t\t<div class=\"elementor-element elementor-element-4af0a53 elementor-widget elementor-widget-spacer\" data-id=\"4af0a53\" data-element_type=\"widget\" data-widget_type=\"spacer.default\">\n\t\t\t\t\t\t\t<div class=\"elementor-spacer\">\n\t\t\t<div class=\"elementor-spacer-inner\"><\/div>\n\t\t<\/div>\n\t\t\t\t\t\t<\/div>\n\t\t\t\t\t<\/div>\n\t\t<\/div>\n\t\t\t\t\t<\/div>\n\t\t<\/section>\n\t\t\t\t<section class=\"elementor-section elementor-top-section elementor-element elementor-element-83c6e3d elementor-section-boxed elementor-section-height-default elementor-section-height-default\" data-id=\"83c6e3d\" data-element_type=\"section\">\n\t\t\t\t\t\t<div class=\"elementor-container elementor-column-gap-default\">\n\t\t\t\t\t<div class=\"elementor-column elementor-col-100 elementor-top-column elementor-element elementor-element-e5ff3ac\" data-id=\"e5ff3ac\" data-element_type=\"column\">\n\t\t\t<div class=\"elementor-widget-wrap elementor-element-populated\">\n\t\t\t\t\t\t<div class=\"elementor-element elementor-element-42ca8b5 elementor-widget elementor-widget-wpforms\" data-id=\"42ca8b5\" data-element_type=\"widget\" data-widget_type=\"wpforms.default\">\n\t\t\t\t<div class=\"elementor-widget-container\">\n\t\t\t\t\t<div class=\"wpforms-container wpforms-container-full\" id=\"wpforms-1965\"><form id=\"wpforms-form-1965\" class=\"wpforms-validate wpforms-form wpforms-ajax-form\" data-formid=\"1965\" method=\"post\" enctype=\"multipart\/form-data\" action=\"\/es\/wp-json\/wp\/v2\/pages\/1728\" data-token=\"078e0ae42597a75cf8df948e361c328e\"><noscript class=\"wpforms-error-noscript\">Por favor, activa JavaScript en tu navegador para completar este formulario.<\/noscript><div class=\"wpforms-field-container\"><div id=\"wpforms-1965-field_7-container\" class=\"wpforms-field wpforms-field-select wpforms-field-select-style-classic\" data-field-id=\"7\"><label class=\"wpforms-field-label\" for=\"wpforms-1965-field_7\">Experiencia en el sector de la piscina de poli\u00e9ster<\/label><select id=\"wpforms-1965-field_7\" class=\"wpforms-field-medium\" name=\"wpforms[fields][7]\"><option value=\"Sin experiencia\" >Sin experiencia<\/option><option value=\"Experiencia de 5 a\u00f1os o menos\" >Experiencia de 5 a\u00f1os o menos<\/option><option value=\"Experiencia de m\u00e1s de 5 a\u00f1os\" >Experiencia de m\u00e1s de 5 a\u00f1os<\/option><\/select><\/div><div id=\"wpforms-1965-field_1-container\" class=\"wpforms-field wpforms-field-select wpforms-field-select-style-classic\" data-field-id=\"1\"><label class=\"wpforms-field-label\" for=\"wpforms-1965-field_1\">\u00bfTienes una tienda o un showroom f\u00edsico?<\/label><select id=\"wpforms-1965-field_1\" class=\"wpforms-field-medium\" name=\"wpforms[fields][1]\"><option value=\"Si \" >Si <\/option><option value=\"No\" >No<\/option><option value=\"Pr\u00f3ximamente\" >Pr\u00f3ximamente<\/option><\/select><\/div><div id=\"wpforms-1965-field_2-container\" class=\"wpforms-field wpforms-field-select wpforms-field-select-style-classic\" data-field-id=\"2\"><label class=\"wpforms-field-label\" for=\"wpforms-1965-field_2\">\u00bfCu\u00e1ntas piscinas de poli\u00e9ster vendes al a\u00f1o?<\/label><select id=\"wpforms-1965-field_2\" class=\"wpforms-field-medium\" name=\"wpforms[fields][2]\"><option value=\"A\u00fan no he empezado\" >A\u00fan no he empezado<\/option><option value=\"Menos de 10 piscinas\" >Menos de 10 piscinas<\/option><option value=\"Entre 10 y 25 piscinas\" >Entre 10 y 25 piscinas<\/option><option value=\"Entre 25 y 50 piscinas\" >Entre 25 y 50 piscinas<\/option><option value=\"M\u00e1s de 50 piscinas\" >M\u00e1s de 50 piscinas<\/option><\/select><\/div><div id=\"wpforms-1965-field_3-container\" class=\"wpforms-field wpforms-field-select wpforms-field-select-style-classic\" data-field-id=\"3\"><label class=\"wpforms-field-label\" for=\"wpforms-1965-field_3\">\u00bfInstalas las piscinas?<\/label><select id=\"wpforms-1965-field_3\" class=\"wpforms-field-medium\" name=\"wpforms[fields][3]\"><option value=\"Si \" >Si <\/option><option value=\"No\" >No<\/option><option value=\"Pr\u00f3ximamente\" >Pr\u00f3ximamente<\/option><\/select><\/div><div id=\"wpforms-1965-field_4-container\" class=\"wpforms-field wpforms-field-select wpforms-field-select-style-classic\" data-field-id=\"4\"><label class=\"wpforms-field-label\" for=\"wpforms-1965-field_4\">\u00bfTrabajas actualmente con otro fabricante?<\/label><select id=\"wpforms-1965-field_4\" class=\"wpforms-field-medium\" name=\"wpforms[fields][4]\"><option value=\"Si\" >Si<\/option><option value=\"No\" >No<\/option><\/select><\/div><div id=\"wpforms-1965-field_5-container\" class=\"wpforms-field wpforms-field-text\" data-field-id=\"5\"><label class=\"wpforms-field-label\" for=\"wpforms-1965-field_5\">Nombre Fiscal de la empresa <span class=\"wpforms-required-label\">*<\/span><\/label><input type=\"text\" id=\"wpforms-1965-field_5\" class=\"wpforms-field-medium wpforms-field-required\" name=\"wpforms[fields][5]\" required><\/div><div id=\"wpforms-1965-field_6-container\" class=\"wpforms-field wpforms-field-text\" data-field-id=\"6\"><label class=\"wpforms-field-label\" for=\"wpforms-1965-field_6\">Nombre Comercial de la empresa<\/label><input type=\"text\" id=\"wpforms-1965-field_6\" class=\"wpforms-field-medium\" name=\"wpforms[fields][6]\" ><\/div><div id=\"wpforms-1965-field_9-container\" class=\"wpforms-field wpforms-field-phone\" data-field-id=\"9\"><label class=\"wpforms-field-label\" for=\"wpforms-1965-field_9\">Tel\u00e9fono <span class=\"wpforms-required-label\">*<\/span><\/label><input type=\"tel\" id=\"wpforms-1965-field_9\" class=\"wpforms-field-medium wpforms-field-required wpforms-smart-phone-field\" data-rule-smart-phone-field=\"true\" name=\"wpforms[fields][9]\" required><\/div><div id=\"wpforms-1965-field_10-container\" class=\"wpforms-field wpforms-field-email\" data-field-id=\"10\"><label class=\"wpforms-field-label\" for=\"wpforms-1965-field_10\">E-mail <span class=\"wpforms-required-label\">*<\/span><\/label><input type=\"email\" id=\"wpforms-1965-field_10\" class=\"wpforms-field-medium wpforms-field-required\" name=\"wpforms[fields][10]\" required><\/div><div id=\"wpforms-1965-field_11-container\" class=\"wpforms-field wpforms-field-textarea\" data-field-id=\"11\"><label class=\"wpforms-field-label\" for=\"wpforms-1965-field_11\">Mensaje<\/label><textarea id=\"wpforms-1965-field_11\" class=\"wpforms-field-medium\" name=\"wpforms[fields][11]\" ><\/textarea><\/div><div id=\"wpforms-1965-field_12-container\" class=\"wpforms-field wpforms-field-checkbox\" data-field-id=\"12\"><label class=\"wpforms-field-label\" for=\"wpforms-1965-field_12\">Pol\u00edtica de Confidencialidad <span class=\"wpforms-required-label\">*<\/span><\/label><ul id=\"wpforms-1965-field_12\" class=\"wpforms-field-required\"><li class=\"choice-1 depth-1\"><input type=\"checkbox\" id=\"wpforms-1965-field_12_1\" name=\"wpforms[fields][12][]\" value=\"He le\u00eddo y acepto la &lt;a href=\u201chttp:\/\/groupedeco.com\/politique-de-confidentialite\/\u201d target=\u201c_blank\u201d&gt;Pol\u00edtica de Confidencialidad.&lt;\/a&gt;\" required ><label class=\"wpforms-field-label-inline\" for=\"wpforms-1965-field_12_1\">He le\u00eddo y acepto la <a href=\"\/\/groupedeco.com\/politique-de-confidentialite\/\u201d\" target=\"\u201c_blank\u201d\">Pol\u00edtica de Confidencialidad.<\/a><\/label><\/li><\/ul><\/div><\/div><input type=\"hidden\" name=\"wpforms[recaptcha]\" value=\"\"><div class=\"wpforms-submit-container\"><input type=\"hidden\" name=\"wpforms[id]\" value=\"1965\"><input type=\"hidden\" name=\"wpforms[author]\" value=\"1\"><button type=\"submit\" name=\"wpforms[submit]\" id=\"wpforms-submit-1965\" class=\"wpforms-submit wp-boton\" data-alt-text=\"Enviando...\" data-submit-text=\"Enviar\" aria-live=\"assertive\" value=\"wpforms-submit\">Enviar<\/button><img decoding=\"async\" src=\"https:\/\/groupedeco.com\/wp-content\/plugins\/wpforms\/assets\/images\/submit-spin.svg\" class=\"wpforms-submit-spinner\" style=\"display: none;\" width=\"26\" height=\"26\" alt=\"\"><\/div><\/form><\/div>  <!-- .wpforms-container -->\t\t\t\t<\/div>\n\t\t\t\t<\/div>\n\t\t\t\t\t<\/div>\n\t\t<\/div>\n\t\t\t\t\t<\/div>\n\t\t<\/section>\n\t\t\t\t<\/div>\n\t\t","protected":false},"excerpt":{"rendered":"<p>CONVI\u00c9RTETE EN DISTRIBUIDOR Si eres un profesional del sector de la piscina y te interesa trabajar nuestra marca, no dudes en rellenar el formulario de contacto para profesionales y un responsable te contactar\u00e1. Disponemos de una marca exclusiva reservada a los profesionales del mundo de la piscina.<\/p>\n","protected":false},"author":1,"featured_media":0,"parent":0,"menu_order":0,"comment_status":"closed","ping_status":"closed","template":"elementor_header_footer","meta":{"footnotes":""},"class_list":["post-1728","page","type-page","status-publish"],"yoast_head":"<!-- This site is optimized with the Yoast SEO plugin v24.4 - https:\/\/yoast.com\/wordpress\/plugins\/seo\/ -->\n<title>\u00bfQuieres ser distribuidor? | Groupe Deco<\/title>\n<meta name=\"description\" content=\"\u00bfCon experiencia o sin experiencia? \u00bfTe gustar\u00eda ser distribuidor de nuestros m\u00e1s de 25 modelos de piscinas? Rellene este formulario.\" \/>\n<meta name=\"robots\" content=\"index, follow, max-snippet:-1, max-image-preview:large, max-video-preview:-1\" \/>\n<link rel=\"canonical\" href=\"https:\/\/groupedeco.com\/es\/conviertete-en-distribuidor\/\" \/>\n<meta property=\"og:locale\" content=\"es_ES\" \/>\n<meta property=\"og:type\" content=\"article\" \/>\n<meta property=\"og:title\" content=\"\u00bfQuieres ser distribuidor? | Groupe Deco\" \/>\n<meta property=\"og:description\" content=\"\u00bfCon experiencia o sin experiencia? \u00bfTe gustar\u00eda ser distribuidor de nuestros m\u00e1s de 25 modelos de piscinas? Rellene este formulario.\" \/>\n<meta property=\"og:url\" content=\"https:\/\/groupedeco.com\/es\/conviertete-en-distribuidor\/\" \/>\n<meta property=\"og:site_name\" content=\"Groupe Deco\" \/>\n<meta property=\"article:modified_time\" content=\"2022-11-17T16:27:32+00:00\" \/>\n<meta name=\"twitter:card\" content=\"summary_large_image\" \/>\n<meta name=\"twitter:label1\" content=\"Tiempo de lectura\" \/>\n\t<meta name=\"twitter:data1\" content=\"1 minuto\" \/>\n<script type=\"application\/ld+json\" class=\"yoast-schema-graph\">{\"@context\":\"https:\/\/schema.org\",\"@graph\":[{\"@type\":\"WebPage\",\"@id\":\"https:\/\/groupedeco.com\/es\/conviertete-en-distribuidor\/\",\"url\":\"https:\/\/groupedeco.com\/es\/conviertete-en-distribuidor\/\",\"name\":\"\u00bfQuieres ser distribuidor? | Groupe Deco\",\"isPartOf\":{\"@id\":\"https:\/\/groupedeco.com\/#website\"},\"datePublished\":\"2022-05-20T10:42:43+00:00\",\"dateModified\":\"2022-11-17T16:27:32+00:00\",\"description\":\"\u00bfCon experiencia o sin experiencia? \u00bfTe gustar\u00eda ser distribuidor de nuestros m\u00e1s de 25 modelos de piscinas? Rellene este formulario.\",\"breadcrumb\":{\"@id\":\"https:\/\/groupedeco.com\/es\/conviertete-en-distribuidor\/#breadcrumb\"},\"inLanguage\":\"es\",\"potentialAction\":[{\"@type\":\"ReadAction\",\"target\":[\"https:\/\/groupedeco.com\/es\/conviertete-en-distribuidor\/\"]}]},{\"@type\":\"BreadcrumbList\",\"@id\":\"https:\/\/groupedeco.com\/es\/conviertete-en-distribuidor\/#breadcrumb\",\"itemListElement\":[{\"@type\":\"ListItem\",\"position\":1,\"name\":\"Portada\",\"item\":\"https:\/\/groupedeco.com\/es\/\"},{\"@type\":\"ListItem\",\"position\":2,\"name\":\"Convi\u00e9rtete en Distribuidor\"}]},{\"@type\":\"WebSite\",\"@id\":\"https:\/\/groupedeco.com\/#website\",\"url\":\"https:\/\/groupedeco.com\/\",\"name\":\"Groupe Deco\",\"description\":\"\",\"publisher\":{\"@id\":\"https:\/\/groupedeco.com\/#organization\"},\"potentialAction\":[{\"@type\":\"SearchAction\",\"target\":{\"@type\":\"EntryPoint\",\"urlTemplate\":\"https:\/\/groupedeco.com\/?s={search_term_string}\"},\"query-input\":{\"@type\":\"PropertyValueSpecification\",\"valueRequired\":true,\"valueName\":\"search_term_string\"}}],\"inLanguage\":\"es\"},{\"@type\":\"Organization\",\"@id\":\"https:\/\/groupedeco.com\/#organization\",\"name\":\"Groupe Deco\",\"url\":\"https:\/\/groupedeco.com\/\",\"logo\":{\"@type\":\"ImageObject\",\"inLanguage\":\"es\",\"@id\":\"https:\/\/groupedeco.com\/#\/schema\/logo\/image\/\",\"url\":\"http:\/\/groupedeco.com\/dev1\/wp-content\/uploads\/2021\/10\/logo-groupe-deco.png\",\"contentUrl\":\"http:\/\/groupedeco.com\/dev1\/wp-content\/uploads\/2021\/10\/logo-groupe-deco.png\",\"width\":242,\"height\":123,\"caption\":\"Groupe Deco\"},\"image\":{\"@id\":\"https:\/\/groupedeco.com\/#\/schema\/logo\/image\/\"}}]}<\/script>\n<!-- \/ Yoast SEO plugin. -->","yoast_head_json":{"title":"\u00bfQuieres ser distribuidor? | Groupe Deco","description":"\u00bfCon experiencia o sin experiencia? \u00bfTe gustar\u00eda ser distribuidor de nuestros m\u00e1s de 25 modelos de piscinas? Rellene este formulario.","robots":{"index":"index","follow":"follow","max-snippet":"max-snippet:-1","max-image-preview":"max-image-preview:large","max-video-preview":"max-video-preview:-1"},"canonical":"https:\/\/groupedeco.com\/es\/conviertete-en-distribuidor\/","og_locale":"es_ES","og_type":"article","og_title":"\u00bfQuieres ser distribuidor? | Groupe Deco","og_description":"\u00bfCon experiencia o sin experiencia? \u00bfTe gustar\u00eda ser distribuidor de nuestros m\u00e1s de 25 modelos de piscinas? Rellene este formulario.","og_url":"https:\/\/groupedeco.com\/es\/conviertete-en-distribuidor\/","og_site_name":"Groupe Deco","article_modified_time":"2022-11-17T16:27:32+00:00","twitter_card":"summary_large_image","twitter_misc":{"Tiempo de lectura":"1 minuto"},"schema":{"@context":"https:\/\/schema.org","@graph":[{"@type":"WebPage","@id":"https:\/\/groupedeco.com\/es\/conviertete-en-distribuidor\/","url":"https:\/\/groupedeco.com\/es\/conviertete-en-distribuidor\/","name":"\u00bfQuieres ser distribuidor? | Groupe Deco","isPartOf":{"@id":"https:\/\/groupedeco.com\/#website"},"datePublished":"2022-05-20T10:42:43+00:00","dateModified":"2022-11-17T16:27:32+00:00","description":"\u00bfCon experiencia o sin experiencia? \u00bfTe gustar\u00eda ser distribuidor de nuestros m\u00e1s de 25 modelos de piscinas? Rellene este formulario.","breadcrumb":{"@id":"https:\/\/groupedeco.com\/es\/conviertete-en-distribuidor\/#breadcrumb"},"inLanguage":"es","potentialAction":[{"@type":"ReadAction","target":["https:\/\/groupedeco.com\/es\/conviertete-en-distribuidor\/"]}]},{"@type":"BreadcrumbList","@id":"https:\/\/groupedeco.com\/es\/conviertete-en-distribuidor\/#breadcrumb","itemListElement":[{"@type":"ListItem","position":1,"name":"Portada","item":"https:\/\/groupedeco.com\/es\/"},{"@type":"ListItem","position":2,"name":"Convi\u00e9rtete en Distribuidor"}]},{"@type":"WebSite","@id":"https:\/\/groupedeco.com\/#website","url":"https:\/\/groupedeco.com\/","name":"Groupe Deco","description":"","publisher":{"@id":"https:\/\/groupedeco.com\/#organization"},"potentialAction":[{"@type":"SearchAction","target":{"@type":"EntryPoint","urlTemplate":"https:\/\/groupedeco.com\/?s={search_term_string}"},"query-input":{"@type":"PropertyValueSpecification","valueRequired":true,"valueName":"search_term_string"}}],"inLanguage":"es"},{"@type":"Organization","@id":"https:\/\/groupedeco.com\/#organization","name":"Groupe Deco","url":"https:\/\/groupedeco.com\/","logo":{"@type":"ImageObject","inLanguage":"es","@id":"https:\/\/groupedeco.com\/#\/schema\/logo\/image\/","url":"http:\/\/groupedeco.com\/dev1\/wp-content\/uploads\/2021\/10\/logo-groupe-deco.png","contentUrl":"http:\/\/groupedeco.com\/dev1\/wp-content\/uploads\/2021\/10\/logo-groupe-deco.png","width":242,"height":123,"caption":"Groupe Deco"},"image":{"@id":"https:\/\/groupedeco.com\/#\/schema\/logo\/image\/"}}]}},"_links":{"self":[{"href":"https:\/\/groupedeco.com\/es\/wp-json\/wp\/v2\/pages\/1728","targetHints":{"allow":["GET"]}}],"collection":[{"href":"https:\/\/groupedeco.com\/es\/wp-json\/wp\/v2\/pages"}],"about":[{"href":"https:\/\/groupedeco.com\/es\/wp-json\/wp\/v2\/types\/page"}],"author":[{"embeddable":true,"href":"https:\/\/groupedeco.com\/es\/wp-json\/wp\/v2\/users\/1"}],"replies":[{"embeddable":true,"href":"https:\/\/groupedeco.com\/es\/wp-json\/wp\/v2\/comments?post=1728"}],"version-history":[{"count":7,"href":"https:\/\/groupedeco.com\/es\/wp-json\/wp\/v2\/pages\/1728\/revisions"}],"predecessor-version":[{"id":1982,"href":"https:\/\/groupedeco.com\/es\/wp-json\/wp\/v2\/pages\/1728\/revisions\/1982"}],"wp:attachment":[{"href":"https:\/\/groupedeco.com\/es\/wp-json\/wp\/v2\/media?parent=1728"}],"curies":[{"name":"wp","href":"https:\/\/api.w.org\/{rel}","templated":true}]}}