{"id":1730,"date":"2021-10-21T14:23:05","date_gmt":"2021-10-21T14:23:05","guid":{"rendered":"http:\/\/groupedeco.com\/contacto\/"},"modified":"2023-01-10T10:44:37","modified_gmt":"2023-01-10T10:44:37","slug":"contacto","status":"publish","type":"page","link":"https:\/\/groupedeco.com\/es\/contacto\/","title":{"rendered":"Contacto"},"content":{"rendered":"\t\t<div data-elementor-type=\"wp-page\" data-elementor-id=\"1730\" class=\"elementor elementor-1730 elementor-70\" data-elementor-post-type=\"page\">\n\t\t\t\t\t\t<section class=\"elementor-section elementor-top-section elementor-element elementor-element-605e033 elementor-section-full_width elementor-section-stretched elementor-section-height-default elementor-section-height-default\" data-id=\"605e033\" data-element_type=\"section\" data-settings=\"{&quot;stretch_section&quot;:&quot;section-stretched&quot;}\">\n\t\t\t\t\t\t<div class=\"elementor-container elementor-column-gap-default\">\n\t\t\t\t\t<div class=\"elementor-column elementor-col-50 elementor-top-column elementor-element elementor-element-3f2c33f\" data-id=\"3f2c33f\" data-element_type=\"column\" data-settings=\"{&quot;background_background&quot;:&quot;classic&quot;}\">\n\t\t\t<div class=\"elementor-widget-wrap elementor-element-populated\">\n\t\t\t\t\t\t<div class=\"elementor-element elementor-element-8ba4bc5 elementor-widget elementor-widget-heading\" data-id=\"8ba4bc5\" data-element_type=\"widget\" data-widget_type=\"heading.default\">\n\t\t\t\t\t<h2 class=\"elementor-heading-title elementor-size-default\">CONT\u00c1CTENOS<\/h2>\t\t\t\t<\/div>\n\t\t\t\t<div class=\"elementor-element elementor-element-a22a49b elementor-widget elementor-widget-text-editor\" data-id=\"a22a49b\" data-element_type=\"widget\" data-widget_type=\"text-editor.default\">\n\t\t\t\t\t\t\t\t\t<p><span style=\"font-weight: 400;\">Nuestro equipo est\u00e1 a tu disposici\u00f3n para ayudarte y guiarte durante el proyecto de piscina. Cont\u00e1ctanos para toda duda o cuesti\u00f3n.<\/span><\/p>\t\t\t\t\t\t\t\t<\/div>\n\t\t\t\t\t<\/div>\n\t\t<\/div>\n\t\t\t\t<div class=\"elementor-column elementor-col-50 elementor-top-column elementor-element elementor-element-4032d33\" data-id=\"4032d33\" data-element_type=\"column\">\n\t\t\t<div class=\"elementor-widget-wrap elementor-element-populated\">\n\t\t\t\t\t\t<div class=\"elementor-element elementor-element-1584935 elementor-widget elementor-widget-wpforms\" data-id=\"1584935\" data-element_type=\"widget\" data-widget_type=\"wpforms.default\">\n\t\t\t\t<div class=\"elementor-widget-container\">\n\t\t\t\t\t<div class=\"wpforms-container wpforms-container-full\" id=\"wpforms-1971\"><form id=\"wpforms-form-1971\" class=\"wpforms-validate wpforms-form wpforms-ajax-form\" data-formid=\"1971\" method=\"post\" enctype=\"multipart\/form-data\" action=\"\/es\/wp-json\/wp\/v2\/pages\/1730\" data-token=\"89fcbe2c5dd1977f30ea8fa8276f2bf9\"><noscript class=\"wpforms-error-noscript\">Por favor, activa JavaScript en tu navegador para completar este formulario.<\/noscript><div class=\"wpforms-field-container\"><div id=\"wpforms-1971-field_1-container\" class=\"wpforms-field wpforms-field-name\" data-field-id=\"1\"><label class=\"wpforms-field-label\" for=\"wpforms-1971-field_1\">Nombre y apellido <span class=\"wpforms-required-label\">*<\/span><\/label><input type=\"text\" id=\"wpforms-1971-field_1\" class=\"wpforms-field-medium wpforms-field-required\" name=\"wpforms[fields][1]\" required><\/div><div id=\"wpforms-1971-field_2-container\" class=\"wpforms-field wpforms-field-email\" data-field-id=\"2\"><label class=\"wpforms-field-label\" for=\"wpforms-1971-field_2\">Email <span class=\"wpforms-required-label\">*<\/span><\/label><input type=\"email\" id=\"wpforms-1971-field_2\" class=\"wpforms-field-medium wpforms-field-required\" name=\"wpforms[fields][2]\" required><\/div><div id=\"wpforms-1971-field_3-container\" class=\"wpforms-field wpforms-field-number\" data-field-id=\"3\"><label class=\"wpforms-field-label\" for=\"wpforms-1971-field_3\">Tel\u00e9fono <span class=\"wpforms-required-label\">*<\/span><\/label><input type=\"number\" pattern=\"\\d*\" id=\"wpforms-1971-field_3\" class=\"wpforms-field-medium wpforms-field-required\" name=\"wpforms[fields][3]\" required><\/div><div id=\"wpforms-1971-field_7-container\" class=\"wpforms-field wpforms-field-text\" data-field-id=\"7\"><label class=\"wpforms-field-label\" for=\"wpforms-1971-field_7\">Asunto<\/label><input type=\"text\" id=\"wpforms-1971-field_7\" class=\"wpforms-field-medium\" name=\"wpforms[fields][7]\" ><\/div><div id=\"wpforms-1971-field_5-container\" class=\"wpforms-field wpforms-field-textarea\" data-field-id=\"5\"><label class=\"wpforms-field-label\" for=\"wpforms-1971-field_5\">Mensaje <span class=\"wpforms-required-label\">*<\/span><\/label><textarea id=\"wpforms-1971-field_5\" class=\"wpforms-field-medium wpforms-field-required\" name=\"wpforms[fields][5]\" required><\/textarea><\/div><div id=\"wpforms-1971-field_6-container\" class=\"wpforms-field wpforms-field-checkbox\" data-field-id=\"6\"><label class=\"wpforms-field-label\" for=\"wpforms-1971-field_6\">Pol\u00edtica de Confidencialidad <span class=\"wpforms-required-label\">*<\/span><\/label><ul id=\"wpforms-1971-field_6\" class=\"wpforms-field-required\"><li class=\"choice-1 depth-1\"><input type=\"checkbox\" id=\"wpforms-1971-field_6_1\" name=\"wpforms[fields][6][]\" value=\"He le\u00eddo y acepto la &lt;a href=&quot;http:\/\/groupedeco.com\/politique-de-confidentialite&quot;&gt;Pol\u00edtica de Confidencialidad&lt;\/a&gt;\" required ><label class=\"wpforms-field-label-inline\" for=\"wpforms-1971-field_6_1\">He le\u00eddo y acepto la <a href=\"http:\/\/groupedeco.com\/politique-de-confidentialite\">Pol\u00edtica de Confidencialidad<\/a><\/label><\/li><\/ul><\/div><\/div><input type=\"hidden\" name=\"wpforms[recaptcha]\" value=\"\"><div class=\"wpforms-submit-container\"><input type=\"hidden\" name=\"wpforms[id]\" value=\"1971\"><input type=\"hidden\" name=\"wpforms[author]\" value=\"2\"><button type=\"submit\" name=\"wpforms[submit]\" id=\"wpforms-submit-1971\" class=\"wpforms-submit wpf-boton\" data-alt-text=\"Enviando...\" data-submit-text=\"Enviar\" aria-live=\"assertive\" value=\"wpforms-submit\">Enviar<\/button><img decoding=\"async\" src=\"https:\/\/groupedeco.com\/wp-content\/plugins\/wpforms\/assets\/images\/submit-spin.svg\" class=\"wpforms-submit-spinner\" style=\"display: none;\" width=\"26\" height=\"26\" alt=\"\"><\/div><\/form><\/div>  <!-- .wpforms-container -->\t\t\t\t<\/div>\n\t\t\t\t<\/div>\n\t\t\t\t\t<\/div>\n\t\t<\/div>\n\t\t\t\t\t<\/div>\n\t\t<\/section>\n\t\t\t\t<section class=\"elementor-section elementor-top-section elementor-element elementor-element-ebae400 elementor-section-full_width elementor-section-stretched elementor-section-height-default elementor-section-height-default\" data-id=\"ebae400\" data-element_type=\"section\" data-settings=\"{&quot;stretch_section&quot;:&quot;section-stretched&quot;}\">\n\t\t\t\t\t\t<div class=\"elementor-container elementor-column-gap-no\">\n\t\t\t\t\t<div class=\"elementor-column elementor-col-33 elementor-top-column elementor-element elementor-element-353e004\" data-id=\"353e004\" data-element_type=\"column\">\n\t\t\t<div class=\"elementor-widget-wrap elementor-element-populated\">\n\t\t\t\t\t\t<div class=\"elementor-element elementor-element-08034db elementor-widget elementor-widget-image\" data-id=\"08034db\" data-element_type=\"widget\" data-widget_type=\"image.default\">\n\t\t\t\t\t\t\t\t\t\t\t\t\t\t\t<img fetchpriority=\"high\" decoding=\"async\" width=\"960\" height=\"640\" src=\"https:\/\/groupedeco.com\/wp-content\/uploads\/2021\/10\/groupe-deco-piscine_4.png\" class=\"attachment-large size-large wp-image-1646\" alt=\"\" srcset=\"https:\/\/groupedeco.com\/wp-content\/uploads\/2021\/10\/groupe-deco-piscine_4.png 960w, https:\/\/groupedeco.com\/wp-content\/uploads\/2021\/10\/groupe-deco-piscine_4-300x200.png 300w, https:\/\/groupedeco.com\/wp-content\/uploads\/2021\/10\/groupe-deco-piscine_4-768x512.png 768w\" sizes=\"(max-width: 960px) 100vw, 960px\" \/>\t\t\t\t\t\t\t\t\t\t\t\t\t\t\t<\/div>\n\t\t\t\t\t<\/div>\n\t\t<\/div>\n\t\t\t\t<div class=\"elementor-column elementor-col-33 elementor-top-column elementor-element elementor-element-7fa6074\" data-id=\"7fa6074\" data-element_type=\"column\">\n\t\t\t<div class=\"elementor-widget-wrap elementor-element-populated\">\n\t\t\t\t\t\t<div class=\"elementor-element elementor-element-d09ff3d elementor-widget elementor-widget-image\" data-id=\"d09ff3d\" data-element_type=\"widget\" data-widget_type=\"image.default\">\n\t\t\t\t\t\t\t\t\t\t\t\t\t\t\t<img decoding=\"async\" width=\"960\" height=\"640\" src=\"https:\/\/groupedeco.com\/wp-content\/uploads\/2022\/05\/groupe-deco-piscines_1.png\" class=\"attachment-large size-large wp-image-1698\" alt=\"\" srcset=\"https:\/\/groupedeco.com\/wp-content\/uploads\/2022\/05\/groupe-deco-piscines_1.png 960w, https:\/\/groupedeco.com\/wp-content\/uploads\/2022\/05\/groupe-deco-piscines_1-300x200.png 300w, https:\/\/groupedeco.com\/wp-content\/uploads\/2022\/05\/groupe-deco-piscines_1-768x512.png 768w\" sizes=\"(max-width: 960px) 100vw, 960px\" \/>\t\t\t\t\t\t\t\t\t\t\t\t\t\t\t<\/div>\n\t\t\t\t\t<\/div>\n\t\t<\/div>\n\t\t\t\t<div class=\"elementor-column elementor-col-33 elementor-top-column elementor-element elementor-element-bb17e5e\" data-id=\"bb17e5e\" data-element_type=\"column\">\n\t\t\t<div class=\"elementor-widget-wrap elementor-element-populated\">\n\t\t\t\t\t\t<div class=\"elementor-element elementor-element-4f470b2 elementor-widget elementor-widget-image\" data-id=\"4f470b2\" data-element_type=\"widget\" data-widget_type=\"image.default\">\n\t\t\t\t\t\t\t\t\t\t\t\t\t\t\t<img loading=\"lazy\" decoding=\"async\" width=\"958\" height=\"640\" src=\"https:\/\/groupedeco.com\/wp-content\/uploads\/2021\/10\/groupe-deco-piscines_6.png\" class=\"attachment-large size-large wp-image-1644\" alt=\"\" srcset=\"https:\/\/groupedeco.com\/wp-content\/uploads\/2021\/10\/groupe-deco-piscines_6.png 958w, https:\/\/groupedeco.com\/wp-content\/uploads\/2021\/10\/groupe-deco-piscines_6-300x200.png 300w, https:\/\/groupedeco.com\/wp-content\/uploads\/2021\/10\/groupe-deco-piscines_6-768x513.png 768w\" sizes=\"(max-width: 958px) 100vw, 958px\" \/>\t\t\t\t\t\t\t\t\t\t\t\t\t\t\t<\/div>\n\t\t\t\t\t<\/div>\n\t\t<\/div>\n\t\t\t\t\t<\/div>\n\t\t<\/section>\n\t\t\t\t<\/div>\n\t\t","protected":false},"excerpt":{"rendered":"<p>CONT\u00c1CTENOS Nuestro equipo est\u00e1 a tu disposici\u00f3n para ayudarte y guiarte durante el proyecto de piscina. Cont\u00e1ctanos para toda duda o cuesti\u00f3n.<\/p>\n","protected":false},"author":2,"featured_media":0,"parent":0,"menu_order":0,"comment_status":"closed","ping_status":"closed","template":"","meta":{"footnotes":""},"class_list":["post-1730","page","type-page","status-publish"],"yoast_head":"<!-- This site is optimized with the Yoast SEO plugin v24.4 - https:\/\/yoast.com\/wordpress\/plugins\/seo\/ -->\n<title>Contacto | Groupe Deco<\/title>\n<meta name=\"description\" content=\"Si quieres comprar piscina de poli\u00e9ster, ser distribuidor o crees que ahora podemos ayudarte, contacta con nosotros ahora.\" \/>\n<meta name=\"robots\" content=\"index, follow, max-snippet:-1, max-image-preview:large, max-video-preview:-1\" \/>\n<link rel=\"canonical\" href=\"https:\/\/groupedeco.com\/es\/contacto\/\" \/>\n<meta property=\"og:locale\" content=\"es_ES\" \/>\n<meta property=\"og:type\" content=\"article\" \/>\n<meta property=\"og:title\" content=\"Contacto | Groupe Deco\" \/>\n<meta property=\"og:description\" content=\"Si quieres comprar piscina de poli\u00e9ster, ser distribuidor o crees que ahora podemos ayudarte, contacta con nosotros ahora.\" \/>\n<meta property=\"og:url\" content=\"https:\/\/groupedeco.com\/es\/contacto\/\" \/>\n<meta property=\"og:site_name\" content=\"Groupe Deco\" \/>\n<meta property=\"article:modified_time\" content=\"2023-01-10T10:44:37+00:00\" \/>\n<meta property=\"og:image\" content=\"https:\/\/groupedeco.com\/wp-content\/uploads\/2021\/10\/groupe-deco-piscine_4.png\" \/>\n<meta name=\"twitter:card\" content=\"summary_large_image\" \/>\n<meta name=\"twitter:label1\" content=\"Tiempo de lectura\" \/>\n\t<meta name=\"twitter:data1\" content=\"2 minutos\" \/>\n<script type=\"application\/ld+json\" class=\"yoast-schema-graph\">{\"@context\":\"https:\/\/schema.org\",\"@graph\":[{\"@type\":\"WebPage\",\"@id\":\"https:\/\/groupedeco.com\/es\/contacto\/\",\"url\":\"https:\/\/groupedeco.com\/es\/contacto\/\",\"name\":\"Contacto | Groupe Deco\",\"isPartOf\":{\"@id\":\"https:\/\/groupedeco.com\/#website\"},\"primaryImageOfPage\":{\"@id\":\"https:\/\/groupedeco.com\/es\/contacto\/#primaryimage\"},\"image\":{\"@id\":\"https:\/\/groupedeco.com\/es\/contacto\/#primaryimage\"},\"thumbnailUrl\":\"https:\/\/groupedeco.com\/wp-content\/uploads\/2021\/10\/groupe-deco-piscine_4.png\",\"datePublished\":\"2021-10-21T14:23:05+00:00\",\"dateModified\":\"2023-01-10T10:44:37+00:00\",\"description\":\"Si quieres comprar piscina de poli\u00e9ster, ser distribuidor o crees que ahora podemos ayudarte, contacta con nosotros ahora.\",\"breadcrumb\":{\"@id\":\"https:\/\/groupedeco.com\/es\/contacto\/#breadcrumb\"},\"inLanguage\":\"es\",\"potentialAction\":[{\"@type\":\"ReadAction\",\"target\":[\"https:\/\/groupedeco.com\/es\/contacto\/\"]}]},{\"@type\":\"ImageObject\",\"inLanguage\":\"es\",\"@id\":\"https:\/\/groupedeco.com\/es\/contacto\/#primaryimage\",\"url\":\"https:\/\/groupedeco.com\/wp-content\/uploads\/2021\/10\/groupe-deco-piscine_4.png\",\"contentUrl\":\"https:\/\/groupedeco.com\/wp-content\/uploads\/2021\/10\/groupe-deco-piscine_4.png\"},{\"@type\":\"BreadcrumbList\",\"@id\":\"https:\/\/groupedeco.com\/es\/contacto\/#breadcrumb\",\"itemListElement\":[{\"@type\":\"ListItem\",\"position\":1,\"name\":\"Portada\",\"item\":\"https:\/\/groupedeco.com\/es\/\"},{\"@type\":\"ListItem\",\"position\":2,\"name\":\"Contacto\"}]},{\"@type\":\"WebSite\",\"@id\":\"https:\/\/groupedeco.com\/#website\",\"url\":\"https:\/\/groupedeco.com\/\",\"name\":\"Groupe Deco\",\"description\":\"\",\"publisher\":{\"@id\":\"https:\/\/groupedeco.com\/#organization\"},\"potentialAction\":[{\"@type\":\"SearchAction\",\"target\":{\"@type\":\"EntryPoint\",\"urlTemplate\":\"https:\/\/groupedeco.com\/?s={search_term_string}\"},\"query-input\":{\"@type\":\"PropertyValueSpecification\",\"valueRequired\":true,\"valueName\":\"search_term_string\"}}],\"inLanguage\":\"es\"},{\"@type\":\"Organization\",\"@id\":\"https:\/\/groupedeco.com\/#organization\",\"name\":\"Groupe Deco\",\"url\":\"https:\/\/groupedeco.com\/\",\"logo\":{\"@type\":\"ImageObject\",\"inLanguage\":\"es\",\"@id\":\"https:\/\/groupedeco.com\/#\/schema\/logo\/image\/\",\"url\":\"http:\/\/groupedeco.com\/dev1\/wp-content\/uploads\/2021\/10\/logo-groupe-deco.png\",\"contentUrl\":\"http:\/\/groupedeco.com\/dev1\/wp-content\/uploads\/2021\/10\/logo-groupe-deco.png\",\"width\":242,\"height\":123,\"caption\":\"Groupe Deco\"},\"image\":{\"@id\":\"https:\/\/groupedeco.com\/#\/schema\/logo\/image\/\"}}]}<\/script>\n<!-- \/ Yoast SEO plugin. -->","yoast_head_json":{"title":"Contacto | Groupe Deco","description":"Si quieres comprar piscina de poli\u00e9ster, ser distribuidor o crees que ahora podemos ayudarte, contacta con nosotros ahora.","robots":{"index":"index","follow":"follow","max-snippet":"max-snippet:-1","max-image-preview":"max-image-preview:large","max-video-preview":"max-video-preview:-1"},"canonical":"https:\/\/groupedeco.com\/es\/contacto\/","og_locale":"es_ES","og_type":"article","og_title":"Contacto | Groupe Deco","og_description":"Si quieres comprar piscina de poli\u00e9ster, ser distribuidor o crees que ahora podemos ayudarte, contacta con nosotros ahora.","og_url":"https:\/\/groupedeco.com\/es\/contacto\/","og_site_name":"Groupe Deco","article_modified_time":"2023-01-10T10:44:37+00:00","og_image":[{"url":"https:\/\/groupedeco.com\/wp-content\/uploads\/2021\/10\/groupe-deco-piscine_4.png","type":"","width":"","height":""}],"twitter_card":"summary_large_image","twitter_misc":{"Tiempo de lectura":"2 minutos"},"schema":{"@context":"https:\/\/schema.org","@graph":[{"@type":"WebPage","@id":"https:\/\/groupedeco.com\/es\/contacto\/","url":"https:\/\/groupedeco.com\/es\/contacto\/","name":"Contacto | Groupe Deco","isPartOf":{"@id":"https:\/\/groupedeco.com\/#website"},"primaryImageOfPage":{"@id":"https:\/\/groupedeco.com\/es\/contacto\/#primaryimage"},"image":{"@id":"https:\/\/groupedeco.com\/es\/contacto\/#primaryimage"},"thumbnailUrl":"https:\/\/groupedeco.com\/wp-content\/uploads\/2021\/10\/groupe-deco-piscine_4.png","datePublished":"2021-10-21T14:23:05+00:00","dateModified":"2023-01-10T10:44:37+00:00","description":"Si quieres comprar piscina de poli\u00e9ster, ser distribuidor o crees que ahora podemos ayudarte, contacta con nosotros ahora.","breadcrumb":{"@id":"https:\/\/groupedeco.com\/es\/contacto\/#breadcrumb"},"inLanguage":"es","potentialAction":[{"@type":"ReadAction","target":["https:\/\/groupedeco.com\/es\/contacto\/"]}]},{"@type":"ImageObject","inLanguage":"es","@id":"https:\/\/groupedeco.com\/es\/contacto\/#primaryimage","url":"https:\/\/groupedeco.com\/wp-content\/uploads\/2021\/10\/groupe-deco-piscine_4.png","contentUrl":"https:\/\/groupedeco.com\/wp-content\/uploads\/2021\/10\/groupe-deco-piscine_4.png"},{"@type":"BreadcrumbList","@id":"https:\/\/groupedeco.com\/es\/contacto\/#breadcrumb","itemListElement":[{"@type":"ListItem","position":1,"name":"Portada","item":"https:\/\/groupedeco.com\/es\/"},{"@type":"ListItem","position":2,"name":"Contacto"}]},{"@type":"WebSite","@id":"https:\/\/groupedeco.com\/#website","url":"https:\/\/groupedeco.com\/","name":"Groupe Deco","description":"","publisher":{"@id":"https:\/\/groupedeco.com\/#organization"},"potentialAction":[{"@type":"SearchAction","target":{"@type":"EntryPoint","urlTemplate":"https:\/\/groupedeco.com\/?s={search_term_string}"},"query-input":{"@type":"PropertyValueSpecification","valueRequired":true,"valueName":"search_term_string"}}],"inLanguage":"es"},{"@type":"Organization","@id":"https:\/\/groupedeco.com\/#organization","name":"Groupe Deco","url":"https:\/\/groupedeco.com\/","logo":{"@type":"ImageObject","inLanguage":"es","@id":"https:\/\/groupedeco.com\/#\/schema\/logo\/image\/","url":"http:\/\/groupedeco.com\/dev1\/wp-content\/uploads\/2021\/10\/logo-groupe-deco.png","contentUrl":"http:\/\/groupedeco.com\/dev1\/wp-content\/uploads\/2021\/10\/logo-groupe-deco.png","width":242,"height":123,"caption":"Groupe Deco"},"image":{"@id":"https:\/\/groupedeco.com\/#\/schema\/logo\/image\/"}}]}},"_links":{"self":[{"href":"https:\/\/groupedeco.com\/es\/wp-json\/wp\/v2\/pages\/1730","targetHints":{"allow":["GET"]}}],"collection":[{"href":"https:\/\/groupedeco.com\/es\/wp-json\/wp\/v2\/pages"}],"about":[{"href":"https:\/\/groupedeco.com\/es\/wp-json\/wp\/v2\/types\/page"}],"author":[{"embeddable":true,"href":"https:\/\/groupedeco.com\/es\/wp-json\/wp\/v2\/users\/2"}],"replies":[{"embeddable":true,"href":"https:\/\/groupedeco.com\/es\/wp-json\/wp\/v2\/comments?post=1730"}],"version-history":[{"count":7,"href":"https:\/\/groupedeco.com\/es\/wp-json\/wp\/v2\/pages\/1730\/revisions"}],"predecessor-version":[{"id":2064,"href":"https:\/\/groupedeco.com\/es\/wp-json\/wp\/v2\/pages\/1730\/revisions\/2064"}],"wp:attachment":[{"href":"https:\/\/groupedeco.com\/es\/wp-json\/wp\/v2\/media?parent=1730"}],"curies":[{"name":"wp","href":"https:\/\/api.w.org\/{rel}","templated":true}]}}