{"id":1732,"date":"2021-11-02T14:14:51","date_gmt":"2021-11-02T13:14:51","guid":{"rendered":"http:\/\/groupedeco.com\/politica-de-privacidad\/"},"modified":"2022-06-20T11:48:20","modified_gmt":"2022-06-20T11:48:20","slug":"politica-de-privacidad","status":"publish","type":"page","link":"https:\/\/groupedeco.com\/es\/politica-de-privacidad\/","title":{"rendered":"Aviso Legal"},"content":{"rendered":"\t\t<div data-elementor-type=\"wp-page\" data-elementor-id=\"1732\" class=\"elementor elementor-1732 elementor-433\" data-elementor-post-type=\"page\">\n\t\t\t\t\t\t<section class=\"elementor-section elementor-top-section elementor-element elementor-element-18ccb871 elementor-section-boxed elementor-section-height-default elementor-section-height-default\" data-id=\"18ccb871\" data-element_type=\"section\">\n\t\t\t\t\t\t<div class=\"elementor-container elementor-column-gap-default\">\n\t\t\t\t\t<div class=\"elementor-column elementor-col-100 elementor-top-column elementor-element elementor-element-b58afa6\" data-id=\"b58afa6\" data-element_type=\"column\">\n\t\t\t<div class=\"elementor-widget-wrap elementor-element-populated\">\n\t\t\t\t\t\t<div class=\"elementor-element elementor-element-7b0e929 elementor-widget elementor-widget-text-editor\" data-id=\"7b0e929\" data-element_type=\"widget\" data-widget_type=\"text-editor.default\">\n\t\t\t\t\t\t\t\t\t<p>Objetivo<\/p>\n<p>El presente Aviso Legal regula el uso y utilizaci\u00f3n del sitio web &#8211; www.groupedeco.com\/,<\/p>\n<p>del que es titular GROUPE-DECO EMPORDA, S.L. (en adelante, EL PROPIETARIO DE<\/p>\n<p>LA WEB).<\/p>\n<p>La navegaci\u00f3n por el sitio web de EL PROPIETARIO DE LA WEB le atribuye la<\/p>\n<p>condici\u00f3n de USUARIO del mismo y conlleva su aceptaci\u00f3n plena y sin reservas de todas y<\/p>\n<p>cada una de las condiciones publicadas en este aviso legal, advirtiendo de que dichas<\/p>\n<p>condiciones podr\u00e1n ser modificadas sin notificaci\u00f3n previa por parte de EL PROPIETARIO<\/p>\n<p>DE LA WEB, en cuyo caso se proceder\u00e1 a su publicaci\u00f3n y aviso con la m\u00e1xima antelaci\u00f3n<\/p>\n<p>posible.<\/p>\n<p>Por ello es recomendable leer atentamente su contenido en caso de desear acceder y hacer<\/p>\n<p>uso de la informaci\u00f3n y de los servicios ofrecidos desde este sitio web.<\/p>\n<p>El usuario, adem\u00e1s, se obliga a hacer un uso correcto del sitio web de conformidad con las<\/p>\n<p>leyes, la buena fe, el orden p\u00fablico, los usos del tr\u00e1fico y el presente Aviso Legal, y<\/p>\n<p>responder\u00e1 frente a EL PROPIETARIO DE LA WEB o frente a terceros, de cualesquiera<\/p>\n<p>da\u00f1os y perjuicios que pudieran causarse como consecuencia del incumplimiento de dicha<\/p>\n<p>obligaci\u00f3n.<\/p>\n<p>Cualquier utilizaci\u00f3n distinta a la autorizada est\u00e1 expresamente prohibida, pudiendo EL<\/p>\n<p>PROPIETARIO DE LA WEB denegar o retirar el acceso y su uso en cualquier momento.<\/p>\n<p>IDENTIFICACI\u00d3N<\/p>\n<p>EL PROPIETARIO DE LA WEB, en cumplimiento de la Ley 34\/2002, de 11 de julio, de<\/p>\n<p>Servicios de la Sociedad de la Informaci\u00f3n y de Comercio Electr\u00f3nico, le informa de que:<\/p>\n<p>\u2022 Su denominaci\u00f3n social es: GROUPE-DECO EMPORDA, S.L.<\/p>\n<p>\u2022 Su NIF es: B55021000<\/p>\n<p>\u2022 Su domicilio social est\u00e1 en: Ctra. Agullana a Terrades, s\/n, 17707-Agullana (GIRONA)<\/p>\n<p>\u2022 Registro Mercantil de GIRONA T 3159, F 57, S 8, H GI-47755<\/p>\n<p>COMUNICACIONES<\/p>\n<p>Para comunicarse con nosotros, ponemos a su disposici\u00f3n diferentes medios de contacto<\/p>\n<p>que detallamos a continuaci\u00f3n:<\/p>\n<p><br><\/p>\n<p>\u2022 Tel\u00e9fono: 972535245<\/p>\n<p>\u2022 Correo electr\u00f3nico: admin@groupedeco.com<\/p>\n<p>Todas las notificaciones y comunicaciones entre los usuarios y EL PROPIETARIO DE LA<\/p>\n<p>WEB se considerar\u00e1n eficaces, a todos los efectos, cuando se realicen a trav\u00e9s de cualquier<\/p>\n<p>medio de los detallados anteriormente.<\/p>\n<p>CONDICIONES DE ACCESO Y UTILIZACI\u00d3N<\/p>\n<p>El sitio web y sus servicios son de acceso libre y gratuito. No obstante, EL PROPIETARIO<\/p>\n<p>DE LA WEB puede condicionar la utilizaci\u00f3n de algunos de los servicios ofrecidos en su<\/p>\n<p>web a la previa cumplimentaci\u00f3n del correspondiente formulario.<\/p>\n<p>El usuario garantiza la autenticidad y actualidad de todos aquellos datos que comunique al<\/p>\n<p>PROPIETARIO DE LA WEB y ser\u00e1 el \u00fanico responsable de las manifestaciones falsas o<\/p>\n<p>inexactas que realice.<\/p>\n<p>El usuario se compromete expresamente a hacer un uso adecuado de los contenidos y<\/p>\n<p>servicios del PROPIETARIO DE LA WEB y a no emplearlos para, entre otros:<\/p>\n<p>a) Difundir contenidos delictivos, violentos, pornogr\u00e1ficos, racistas, xen\u00f3fobos, ofensivos,<\/p>\n<p>de apolog\u00eda del terrorismo o, en general, contrarios a la ley o al orden p\u00fablico.<\/p>\n<p>b) Introducir en la red virus inform\u00e1ticos o realizar actuaciones susceptibles de alterar,<\/p>\n<p>estropear, interrumpir o generar errores o da\u00f1os en los documentos electr\u00f3nicos, datos o<\/p>\n<p>sistemas f\u00edsicos y l\u00f3gicos del PROPIETARIO DE LA WEB o de terceras personas; as\u00ed<\/p>\n<p>como obstaculizar el acceso de otros usuarios al sitio web y a sus servicios mediante el<\/p>\n<p>consumo masivo de los recursos inform\u00e1ticos a trav\u00e9s de los cuales EL PROPIETARIO DE<\/p>\n<p>LA WEB presta sus servicios.<\/p>\n<p>c) Intentar acceder a las cuentas de correo electr\u00f3nico de otros usuarios o a \u00e1reas<\/p>\n<p>restringidas de los sistemas inform\u00e1ticos del PROPIETARIO DE LA WEB o de terceros y,<\/p>\n<p>en su caso, extraer informaci\u00f3n.<\/p>\n<p>d) Vulnerar los derechos de propiedad intelectual o industrial, as\u00ed como violar la<\/p>\n<p>confidencialidad de la informaci\u00f3n del PROPIETARIO DE LA WEB o de terceros.<\/p>\n<p>e) Suplantar la identidad de cualquier otro usuario.<\/p>\n<p>f) Reproducir, copiar, distribuir, poner a disposici\u00f3n de, o cualquier otra forma de<\/p>\n<p>comunicaci\u00f3n p\u00fablica, transformar o modificar los contenidos, a menos que se cuente con<\/p>\n<p>la autorizaci\u00f3n del titular de los correspondientes derechos o ello resulte legalmente permitido.<\/p>\n<p>permitido.<\/p>\n<p><br><\/p>\n<p>g) Recabar datos con finalidad publicitaria y de remitir publicidad de cualquier clase y<\/p>\n<p>comunicaciones con fines de venta u otras de naturaleza comercial sin que medie su previa<\/p>\n<p>solicitud o consentimiento.<\/p>\n<p>Todos los contenidos del sitio web, como textos, fotograf\u00edas, gr\u00e1ficos, im\u00e1genes, iconos,<\/p>\n<p>tecnolog\u00eda, software, as\u00ed como su dise\u00f1o gr\u00e1fico y c\u00f3digos fuente, constituyen una obra<\/p>\n<p>cuya propiedad pertenece al PROPIETARIO DE LA WEB, sin que puedan entenderse<\/p>\n<p>cedidos al usuario ninguno de los derechos de explotaci\u00f3n sobre los mismos m\u00e1s all\u00e1 de lo<\/p>\n<p>estrictamente necesario para el correcto uso de la web.<\/p>\n<p>En definitiva, los usuarios que accedan a este sitio web pueden visualizar los contenidos y<\/p>\n<p>efectuar, en su caso, copias privadas autorizadas siempre que los elementos reproducidos<\/p>\n<p>no sean cedidos posteriormente a terceros, ni se instalen a servidores conectados a redes, ni<\/p>\n<p>sean objeto de ning\u00fan tipo&nbsp;de explotaci\u00f3n.<\/p><p>Asimismo, todas las marcas, nombres comerciales o signos distintivos de cualquier clase<\/p><p>que aparecen en el sitio web son propiedad del PROPIETARIO DE LA WEB, sin que<\/p><p>pueda entenderse que el uso o acceso al mismo atribuya al usuario derecho alguno sobre los<\/p><p>mismos.<\/p><p>La distribuci\u00f3n, modificaci\u00f3n, cesi\u00f3n o comunicaci\u00f3n p\u00fablica de los contenidos y cualquier<\/p><p>otro acto que no haya sido expresamente autorizado por el titular de los derechos de<\/p><p>explotaci\u00f3n quedan prohibidos.<\/p><p>El establecimiento de un hiperenlace no implica en ning\u00fan caso la existencia de relaciones<\/p><p>entre EL PROPIETARIO DE LA WEB y el propietario del sitio web en la que se<\/p><p>establezca, ni la aceptaci\u00f3n y aprobaci\u00f3n por parte del PROPIETARIO DE LA WEB de sus<\/p><p>contenidos o servicios.<\/p><p>EL PROPIETARIO DE LA WEB no se responsabiliza del uso que cada usuario le d\u00e9 a los<\/p><p>materiales puestos a disposici\u00f3n en este sitio web ni de las actuaciones que realice en base a<\/p><p>los mismos.<\/p><p>EXCLUSI\u00d3N DE GARANT\u00cdAS Y DE RESPONSABILIDAD EN EL ACCESO Y LA<\/p><p>UTILIZACI\u00d3N<\/p><p>El contenido del presente sitio web es de car\u00e1cter general y tiene una finalidad meramente<\/p><p>informativa, sin que se garantice plenamente el acceso a todos los contenidos, ni su<\/p><p>exhaustividad, correcci\u00f3n, vigencia o actualidad, ni su idoneidad o utilidad para un objetivo<\/p><p>espec\u00edfico.<\/p><p>EL PROPIETARIO DE LA WEB excluye, hasta donde permite el ordenamiento jur\u00eddico,<\/p><p>cualquier responsabilidad por los da\u00f1os y perjuicios de toda naturaleza derivados de:<\/p><p><br><\/p><p>a) La imposibilidad de acceso al sitio web o la falta de veracidad, exactitud, exhaustividad<\/p><p>y\/o actualidad de los contenidos, as\u00ed como la existencia de vicios y defectos de toda clase<\/p><p>de los contenidos transmitidos, difundidos, almacenados, puestos a disposici\u00f3n, a los que se<\/p><p>haya accedido a trav\u00e9s del sitio web o de los servicios que se ofrecen.<\/p><p>b) La presencia de virus o de otros elementos en los contenidos que puedan producir<\/p><p>alteraciones en los sistemas inform\u00e1ticos, documentos electr\u00f3nicos o datos de los usuarios.<\/p><p>c) El incumplimiento de las leyes, la buena fe, el orden p\u00fablico, los usos del tr\u00e1fico y el<\/p><p>presente aviso legal como consecuencia del uso incorrecto del sitio web. En particular, y a En particular, y a modo<\/p><p>ejemplificativo, EL PROPIETARIO DE LA WEB no se hace responsable de las<\/p><p>actuaciones de terceros que vulneren derechos de propiedad intelectual e industrial, secretos<\/p><p>empresariales, derechos al honor, a la intimidad personal y familiar y a la propia imagen,<\/p><p>as\u00ed como la normativa en materia de competencia desleal y publicidad il\u00edcita.<\/p><p>Asimismo, EL PROPIETARIO DE LA WEB declina cualquier responsabilidad respecto a<\/p><p>la informaci\u00f3n que se halle fuera de esta web y no sea gestionada directamente por nuestro<\/p><p>webmaster. La funci\u00f3n de los links que aparecen en esta web es exclusivamente la de<\/p><p>informar al usuario sobre la existencia de otras fuentes susceptibles de ampliar los<\/p><p>contenidos que ofrece este sitio web.<\/p><p>EL PROPIETARIO DE LA WEB no garantiza ni se responsabiliza del funcionamiento o<\/p><p>accesibilidad de los sitios enlazados; ni sugiere, invita o recomienda la visita a los mismos,<\/p><p>por lo que tampoco ser\u00e1 responsable del resultado obtenido. EL PROPIETARIO DE LA<\/p><p>WEB no se responsabiliza del establecimiento de hiperv\u00ednculos por parte de terceros.<\/p><p>PROCEDIMIENTO EN CASO DE REALIZACI\u00d3N DE ACTIVIDADES DE<\/p><p>CAR\u00c1CTER IL\u00cdCITO<\/p><p>En el caso de que cualquier usuario o un tercero considere que existen hechos o<\/p><p>circunstancias que revelen el car\u00e1cter il\u00edcito de la utilizaci\u00f3n de cualquier contenido y\/o de<\/p><p>la realizaci\u00f3n de cualquier actividad en las p\u00e1ginas web incluidas o accesibles a trav\u00e9s del<\/p><p>sitio web, deber\u00e1 enviar una notificaci\u00f3n al PROPIETARIO DE LA WEB identific\u00e1ndose<\/p><p>debidamente y especificando las supuestas infracciones.<\/p><p>PUBLICACIONES<\/p><p>La informaci\u00f3n administrativa facilitada a trav\u00e9s del sitio web no sustituye la publicidad<\/p><p>legal de las leyes, normativas, planes, disposiciones generales y actos que tengan que ser<\/p><p>publicados formalmente a los diarios oficiales de las administraciones p\u00fablicas, que<\/p><p>constituyen el \u00fanico instrumento que da fe de su autenticidad y contenido. La informaci\u00f3n<\/p><p>disponible en este sitio web debe entenderse como una gu\u00eda sin prop\u00f3sito de validez legal.<\/p><p>LEGISLACI\u00d3N APLICABLE<\/p><p><br><\/p><p>Las condiciones presentes se regir\u00e1n por la legislaci\u00f3n espa\u00f1ola vigente. La lengua<\/p><p>utilizada ser\u00e1 el castellano.<\/p>\t\t\t\t\t\t\t\t<\/div>\n\t\t\t\t\t<\/div>\n\t\t<\/div>\n\t\t\t\t\t<\/div>\n\t\t<\/section>\n\t\t\t\t<\/div>\n\t\t","protected":false},"excerpt":{"rendered":"<p>Objetivo El presente Aviso Legal regula el uso y utilizaci\u00f3n del sitio web &#8211; www.groupedeco.com\/, del que es titular GROUPE-DECO EMPORDA, S.L. (en adelante, EL PROPIETARIO DE LA WEB). La navegaci\u00f3n por el sitio web de EL PROPIETARIO DE LA WEB le atribuye la condici\u00f3n de USUARIO del mismo y conlleva su aceptaci\u00f3n plena y &#8230; <a title=\"Aviso Legal\" class=\"read-more\" href=\"https:\/\/groupedeco.com\/es\/politica-de-privacidad\/\" aria-label=\"Leer m\u00e1s sobre Aviso Legal\">Leer m\u00e1s<\/a><\/p>\n","protected":false},"author":2,"featured_media":0,"parent":0,"menu_order":0,"comment_status":"closed","ping_status":"closed","template":"","meta":{"footnotes":""},"class_list":["post-1732","page","type-page","status-publish"],"yoast_head":"<!-- This site is optimized with the Yoast SEO plugin v24.4 - https:\/\/yoast.com\/wordpress\/plugins\/seo\/ -->\n<title>Aviso Legal | Groupe Deco<\/title>\n<meta name=\"robots\" content=\"noindex, nofollow\" \/>\n<meta property=\"og:locale\" content=\"es_ES\" \/>\n<meta property=\"og:type\" content=\"article\" \/>\n<meta property=\"og:title\" content=\"Aviso Legal | Groupe Deco\" \/>\n<meta property=\"og:description\" content=\"Objetivo El presente Aviso Legal regula el uso y utilizaci\u00f3n del sitio web &#8211; www.groupedeco.com\/, del que es titular GROUPE-DECO EMPORDA, S.L. (en adelante, EL PROPIETARIO DE LA WEB). La navegaci\u00f3n por el sitio web de EL PROPIETARIO DE LA WEB le atribuye la condici\u00f3n de USUARIO del mismo y conlleva su aceptaci\u00f3n plena y ... Leer m\u00e1s\" \/>\n<meta property=\"og:url\" content=\"https:\/\/groupedeco.com\/es\/politica-de-privacidad\/\" \/>\n<meta property=\"og:site_name\" content=\"Groupe Deco\" \/>\n<meta property=\"article:modified_time\" content=\"2022-06-20T11:48:20+00:00\" \/>\n<meta name=\"twitter:card\" content=\"summary_large_image\" \/>\n<meta name=\"twitter:label1\" content=\"Tiempo de lectura\" \/>\n\t<meta name=\"twitter:data1\" content=\"8 minutos\" \/>\n<script type=\"application\/ld+json\" class=\"yoast-schema-graph\">{\"@context\":\"https:\/\/schema.org\",\"@graph\":[{\"@type\":\"WebPage\",\"@id\":\"https:\/\/groupedeco.com\/es\/politica-de-privacidad\/\",\"url\":\"https:\/\/groupedeco.com\/es\/politica-de-privacidad\/\",\"name\":\"Aviso Legal | Groupe Deco\",\"isPartOf\":{\"@id\":\"https:\/\/groupedeco.com\/#website\"},\"datePublished\":\"2021-11-02T13:14:51+00:00\",\"dateModified\":\"2022-06-20T11:48:20+00:00\",\"breadcrumb\":{\"@id\":\"https:\/\/groupedeco.com\/es\/politica-de-privacidad\/#breadcrumb\"},\"inLanguage\":\"es\",\"potentialAction\":[{\"@type\":\"ReadAction\",\"target\":[\"https:\/\/groupedeco.com\/es\/politica-de-privacidad\/\"]}]},{\"@type\":\"BreadcrumbList\",\"@id\":\"https:\/\/groupedeco.com\/es\/politica-de-privacidad\/#breadcrumb\",\"itemListElement\":[{\"@type\":\"ListItem\",\"position\":1,\"name\":\"Portada\",\"item\":\"https:\/\/groupedeco.com\/es\/\"},{\"@type\":\"ListItem\",\"position\":2,\"name\":\"Aviso Legal\"}]},{\"@type\":\"WebSite\",\"@id\":\"https:\/\/groupedeco.com\/#website\",\"url\":\"https:\/\/groupedeco.com\/\",\"name\":\"Groupe Deco\",\"description\":\"\",\"publisher\":{\"@id\":\"https:\/\/groupedeco.com\/#organization\"},\"potentialAction\":[{\"@type\":\"SearchAction\",\"target\":{\"@type\":\"EntryPoint\",\"urlTemplate\":\"https:\/\/groupedeco.com\/?s={search_term_string}\"},\"query-input\":{\"@type\":\"PropertyValueSpecification\",\"valueRequired\":true,\"valueName\":\"search_term_string\"}}],\"inLanguage\":\"es\"},{\"@type\":\"Organization\",\"@id\":\"https:\/\/groupedeco.com\/#organization\",\"name\":\"Groupe Deco\",\"url\":\"https:\/\/groupedeco.com\/\",\"logo\":{\"@type\":\"ImageObject\",\"inLanguage\":\"es\",\"@id\":\"https:\/\/groupedeco.com\/#\/schema\/logo\/image\/\",\"url\":\"http:\/\/groupedeco.com\/dev1\/wp-content\/uploads\/2021\/10\/logo-groupe-deco.png\",\"contentUrl\":\"http:\/\/groupedeco.com\/dev1\/wp-content\/uploads\/2021\/10\/logo-groupe-deco.png\",\"width\":242,\"height\":123,\"caption\":\"Groupe Deco\"},\"image\":{\"@id\":\"https:\/\/groupedeco.com\/#\/schema\/logo\/image\/\"}}]}<\/script>\n<!-- \/ Yoast SEO plugin. -->","yoast_head_json":{"title":"Aviso Legal | Groupe Deco","robots":{"index":"noindex","follow":"nofollow"},"og_locale":"es_ES","og_type":"article","og_title":"Aviso Legal | Groupe Deco","og_description":"Objetivo El presente Aviso Legal regula el uso y utilizaci\u00f3n del sitio web &#8211; www.groupedeco.com\/, del que es titular GROUPE-DECO EMPORDA, S.L. (en adelante, EL PROPIETARIO DE LA WEB). La navegaci\u00f3n por el sitio web de EL PROPIETARIO DE LA WEB le atribuye la condici\u00f3n de USUARIO del mismo y conlleva su aceptaci\u00f3n plena y ... Leer m\u00e1s","og_url":"https:\/\/groupedeco.com\/es\/politica-de-privacidad\/","og_site_name":"Groupe Deco","article_modified_time":"2022-06-20T11:48:20+00:00","twitter_card":"summary_large_image","twitter_misc":{"Tiempo de lectura":"8 minutos"},"schema":{"@context":"https:\/\/schema.org","@graph":[{"@type":"WebPage","@id":"https:\/\/groupedeco.com\/es\/politica-de-privacidad\/","url":"https:\/\/groupedeco.com\/es\/politica-de-privacidad\/","name":"Aviso Legal | Groupe Deco","isPartOf":{"@id":"https:\/\/groupedeco.com\/#website"},"datePublished":"2021-11-02T13:14:51+00:00","dateModified":"2022-06-20T11:48:20+00:00","breadcrumb":{"@id":"https:\/\/groupedeco.com\/es\/politica-de-privacidad\/#breadcrumb"},"inLanguage":"es","potentialAction":[{"@type":"ReadAction","target":["https:\/\/groupedeco.com\/es\/politica-de-privacidad\/"]}]},{"@type":"BreadcrumbList","@id":"https:\/\/groupedeco.com\/es\/politica-de-privacidad\/#breadcrumb","itemListElement":[{"@type":"ListItem","position":1,"name":"Portada","item":"https:\/\/groupedeco.com\/es\/"},{"@type":"ListItem","position":2,"name":"Aviso Legal"}]},{"@type":"WebSite","@id":"https:\/\/groupedeco.com\/#website","url":"https:\/\/groupedeco.com\/","name":"Groupe Deco","description":"","publisher":{"@id":"https:\/\/groupedeco.com\/#organization"},"potentialAction":[{"@type":"SearchAction","target":{"@type":"EntryPoint","urlTemplate":"https:\/\/groupedeco.com\/?s={search_term_string}"},"query-input":{"@type":"PropertyValueSpecification","valueRequired":true,"valueName":"search_term_string"}}],"inLanguage":"es"},{"@type":"Organization","@id":"https:\/\/groupedeco.com\/#organization","name":"Groupe Deco","url":"https:\/\/groupedeco.com\/","logo":{"@type":"ImageObject","inLanguage":"es","@id":"https:\/\/groupedeco.com\/#\/schema\/logo\/image\/","url":"http:\/\/groupedeco.com\/dev1\/wp-content\/uploads\/2021\/10\/logo-groupe-deco.png","contentUrl":"http:\/\/groupedeco.com\/dev1\/wp-content\/uploads\/2021\/10\/logo-groupe-deco.png","width":242,"height":123,"caption":"Groupe Deco"},"image":{"@id":"https:\/\/groupedeco.com\/#\/schema\/logo\/image\/"}}]}},"_links":{"self":[{"href":"https:\/\/groupedeco.com\/es\/wp-json\/wp\/v2\/pages\/1732","targetHints":{"allow":["GET"]}}],"collection":[{"href":"https:\/\/groupedeco.com\/es\/wp-json\/wp\/v2\/pages"}],"about":[{"href":"https:\/\/groupedeco.com\/es\/wp-json\/wp\/v2\/types\/page"}],"author":[{"embeddable":true,"href":"https:\/\/groupedeco.com\/es\/wp-json\/wp\/v2\/users\/2"}],"replies":[{"embeddable":true,"href":"https:\/\/groupedeco.com\/es\/wp-json\/wp\/v2\/comments?post=1732"}],"version-history":[{"count":4,"href":"https:\/\/groupedeco.com\/es\/wp-json\/wp\/v2\/pages\/1732\/revisions"}],"predecessor-version":[{"id":1749,"href":"https:\/\/groupedeco.com\/es\/wp-json\/wp\/v2\/pages\/1732\/revisions\/1749"}],"wp:attachment":[{"href":"https:\/\/groupedeco.com\/es\/wp-json\/wp\/v2\/media?parent=1732"}],"curies":[{"name":"wp","href":"https:\/\/api.w.org\/{rel}","templated":true}]}}