{"id":1750,"date":"2021-11-02T14:16:59","date_gmt":"2021-11-02T13:16:59","guid":{"rendered":"http:\/\/groupedeco.com\/politica-de-cookies\/"},"modified":"2023-12-12T16:51:35","modified_gmt":"2023-12-12T15:51:35","slug":"politica-de-cookies","status":"publish","type":"page","link":"https:\/\/groupedeco.com\/es\/politica-de-cookies\/","title":{"rendered":"Pol\u00edtica de Cookies"},"content":{"rendered":"\t\t<div data-elementor-type=\"wp-page\" data-elementor-id=\"1750\" class=\"elementor elementor-1750 elementor-441\" data-elementor-post-type=\"page\">\n\t\t\t\t\t\t<section class=\"elementor-section elementor-top-section elementor-element elementor-element-32dd37d9 elementor-section-boxed elementor-section-height-default elementor-section-height-default\" data-id=\"32dd37d9\" data-element_type=\"section\">\n\t\t\t\t\t\t<div class=\"elementor-container elementor-column-gap-default\">\n\t\t\t\t\t<div class=\"elementor-column elementor-col-100 elementor-top-column elementor-element elementor-element-da77359\" data-id=\"da77359\" data-element_type=\"column\">\n\t\t\t<div class=\"elementor-widget-wrap elementor-element-populated\">\n\t\t\t\t\t\t<div class=\"elementor-element elementor-element-3c62fed8 elementor-widget elementor-widget-text-editor\" data-id=\"3c62fed8\" data-element_type=\"widget\" data-widget_type=\"text-editor.default\">\n\t\t\t\t\t\t\t\t\t<p><span style=\"font-weight: 400;\">Nuestro objetivo, es ser lo m\u00e1s transparentes posible con nuestros usuarios, sobre los fines del tratamiento de los datos que recopilamos.\u00a0<\/span><\/p><p><span style=\"font-weight: 400;\">Mediante la lectura de la presente pol\u00edtica de cookies, el usuario queda informado de forma completa y accesible, sobre la utilizaci\u00f3n de los dispositivos de almacenamiento y recuperaci\u00f3n de datos, as\u00ed como lo fines del tratamiento.<\/span><\/p><p><span style=\"font-weight: 400;\">El usuario debe leer con atenci\u00f3n esta pol\u00edtica de cookies, que ha sido redactada de forma clara y sencilla, para facilitar su comprensi\u00f3n, y determinar de forma libre e informada, si desea prestar su consentimiento para la instalaci\u00f3n de cookies en su equipo terminal.<\/span><\/p><h2><b>\u00bfQu\u00e9 son las cookies?<\/b><\/h2><p><span style=\"font-weight: 400;\">Este sitio web utiliza cookies y\/o tecnolog\u00edas similares que almacenan y recuperan informaci\u00f3n cuando navegas. En general, estas tecnolog\u00edas pueden servir para finalidades muy diversas, como reconocerte como usuario, obtener informaci\u00f3n sobre tus h\u00e1bitos de navegaci\u00f3n, o personalizar la forma en que se muestra el contenido. Los usos concretos que hacemos de estas tecnolog\u00edas se describen a continuaci\u00f3n.<\/span><\/p><h2><b>\u00bfPara qu\u00e9 utiliza las cookies esta p\u00e1gina web?<\/b><\/h2><p><span style=\"font-weight: 400;\">Esta p\u00e1gina web utiliza las cookies para una serie de finalidades, incluidas:<\/span><\/p><ul><li aria-level=\"1\"><b>De an\u00e1lisis <\/b><b>o medici\u00f3n<\/b><span style=\"font-weight: 400;\">: son aquellas que, tratadas por nosotros o por terceros, nos permiten cuantificar el n\u00famero de usuarios y as\u00ed realizar la medici\u00f3n y an\u00e1lisis estad\u00edstico de la utilizaci\u00f3n que hacen los usuarios del servicio ofertado. Para ello se analiza su navegaci\u00f3n en nuestra p\u00e1gina web con el fin de mejorar la oferta de productos o servicios que le ofrecemos.<\/span><\/li><li style=\"font-weight: 400;\" aria-level=\"1\"><b>Publicitarias comportamentales: <\/b><span style=\"font-weight: 400;\">son aquellas que, tratadas por nosotros o por terceros, permiten analizar sus h\u00e1bitos de navegaci\u00f3n en internet y desarrollar un perfil espec\u00edfico para mostrarle publicidad relacionada con su navegaci\u00f3n.<\/span><\/li><\/ul><h2><b>\u00bfQui\u00e9n utiliza las cookies en esta p\u00e1gina web?<\/b><\/h2><p><span style=\"font-weight: 400;\">La identificaci\u00f3n de qui\u00e9n utiliza las cookies, el tipo de cookies utilizadas y dem\u00e1s detalles, se indican a continuaci\u00f3n:<\/span><\/p><p><b>De an\u00e1lisis <\/b><b>o <\/b><b>medici\u00f3n<\/b><span style=\"font-weight: 400;\">:<\/span><\/p><p>\u00a0<\/p><table><tbody><tr><td><p><b>Cookies<\/b><\/p><\/td><td><p><b>Nombre<\/b><\/p><\/td><td><p><b>Tipo<\/b><\/p><\/td><td><p><b>Prop\u00f3sito<\/b><\/p><\/td><td><p><b>Caducidad<\/b><\/p><\/td><td><p><b>M\u00e1s informaci\u00f3n<\/b><\/p><\/td><\/tr><tr><td><p><span style=\"font-weight: 400;\">_gat<\/span><\/p><\/td><td><p><span style=\"font-weight: 400;\">Google Analytics<\/span><\/p><\/td><td><p><span style=\"font-weight: 400;\">De terceros<\/span><\/p><\/td><td><p><span style=\"font-weight: 400;\">Estas cookies, se utilizan para recopilar informaci\u00f3n sobre c\u00f3mo los visitantes utilizan nuestro sitio web. Utilizamos estos datos para crear informes y para ayudarnos a mejorar la forma en que nuestros visitantes, utilizan nuestro sitio web. Las cookies recopilan informaci\u00f3n de forma an\u00f3nima, incluida la cantidad de visitantes a los que han llegado, el sitio web y las p\u00e1ginas que han visitado. Para detener la recopilaci\u00f3n de informaci\u00f3n que recopila Google analytics, puede optar por no participar.<\/span><\/p><\/td><td><p><span style=\"font-weight: 400;\">Al finalizar sesi\u00f3n<\/span><\/p><\/td><td><p><span style=\"font-weight: 400;\">Pol\u00edtica de cookies:<\/span><\/p><p><a href=\"https:\/\/policies.google.com\/technologies\/cookies?hl=es#types-of-cookies\"><span style=\"font-weight: 400;\">https:\/\/policies.google.com\/technologies\/cookies?hl=es#types-of-cookies<\/span><\/a><\/p><\/td><\/tr><tr><td><p><span style=\"font-weight: 400;\">_ga<\/span><\/p><\/td><td><p><span style=\"font-weight: 400;\">Google Analytics\u00a0<\/span><\/p><\/td><td><p><span style=\"font-weight: 400;\">De terceros<\/span><\/p><\/td><td><p><span style=\"font-weight: 400;\">Esta cookie se usa para distinguir a los usuarios.<\/span><\/p><\/td><td><p><span style=\"font-weight: 400;\">2 a\u00f1os<\/span><\/p><\/td><td><p><span style=\"font-weight: 400;\">Pol\u00edtica de cookies:<\/span><\/p><p><a href=\"https:\/\/policies.google.com\/technologies\/cookies?hl=es#types-of-cookies\"><span style=\"font-weight: 400;\">https:\/\/policies.google.com\/technologies\/cookies?hl=es#types-of-cookies<\/span><\/a><\/p><\/td><\/tr><tr><td><p><span style=\"font-weight: 400;\">_gid<\/span><\/p><\/td><td><p><span style=\"font-weight: 400;\">Google Analytics<\/span><\/p><\/td><td><p><span style=\"font-weight: 400;\">De terceros<\/span><\/p><\/td><td><p><span style=\"font-weight: 400;\">Esta cookie se usa para distinguir a los usuarios.<\/span><\/p><\/td><td><p><span style=\"font-weight: 400;\">1 d\u00eda<\/span><\/p><\/td><td><p><span style=\"font-weight: 400;\">Pol\u00edtica de cookies:<\/span><\/p><p><a href=\"https:\/\/policies.google.com\/technologies\/cookies?hl=es#types-of-cookies\"><span style=\"font-weight: 400;\">https:\/\/policies.google.com\/technologies\/cookies?hl=es#types-of-cookies<\/span><\/a><\/p><\/td><\/tr><\/tbody><\/table><p>\u00a0<\/p><p><span style=\"font-weight: 400;\">Nota: Las cookies de tipo \u201cPropias\u201d son utilizadas s\u00f3lo por el propietario de esta web y las cookies \u201cDe terceros\u201d son utilizadas, tambi\u00e9n, por el prestador del servicio que est\u00e1 detallado la tabla anterior.<\/span><\/p><p><span style=\"font-weight: 400;\">Puede informarse de las transferencias a terceros pa\u00edses que, en su caso, realizan los terceros identificados en esta pol\u00edtica de cookies, en sus correspondientes pol\u00edticas (ver los enlaces facilitados en el apartado \u201cM\u00e1s informaci\u00f3n\u201d de la tabla anterior).<\/span><\/p><h2><b>\u00bfC\u00f3mo puedo desactivar o eliminar estas cookies?<\/b><\/h2><p><span style=\"font-weight: 400;\">Puede permitir o rechazar las cookies, as\u00ed como revocar el consentimiento y borrar sus datos de navegaci\u00f3n (incluidas las cookies) desde el navegador que usted utiliza. Consulte las opciones e instrucciones que ofrece su navegador para ello. Tenga en cuenta que, si acepta las cookies de terceros, deber\u00e1 eliminarlas desde las opciones del navegador o desde el sistema ofrecido por el propio tercero.<\/span><\/p><p><span style=\"font-weight: 400;\">A continuaci\u00f3n, tiene disponibles los enlaces con la informaci\u00f3n para gestionar las cookies de los navegadores m\u00e1s utilizados:\u00a0<\/span><\/p><ul><li style=\"font-weight: 400;\" aria-level=\"1\"><b>Firefox<\/b><span style=\"font-weight: 400;\">: <\/span><a href=\"http:\/\/support.mozilla.org\/es\/kb\/habilitar-y-deshabilitar-cookies-que-los-sitios-we\"><span style=\"font-weight: 400;\">http:\/\/support.mozilla.org\/es\/kb\/habilitar-y-deshabilitar-cookies-que-los-sitios-we<\/span><\/a><span style=\"font-weight: 400;\">\u00a0<\/span><\/li><li style=\"font-weight: 400;\" aria-level=\"1\"><b>Chrome<\/b><span style=\"font-weight: 400;\">: <\/span><a href=\"http:\/\/support.google.com\/chrome\/bin\/answer.py?hl=es&amp;answer=95647\"><span style=\"font-weight: 400;\">http:\/\/support.google.com\/chrome\/bin\/answer.py?hl=es&amp;answer=95647<\/span><\/a><span style=\"font-weight: 400;\">\u00a0<\/span><\/li><li style=\"font-weight: 400;\" aria-level=\"1\"><b>Microsoft Edge:<\/b> <a href=\"https:\/\/support.microsoft.com\/es-es\/help\/4027947\/microsoft-edge-delete-cookies\"><span style=\"font-weight: 400;\">https:\/\/support.microsoft.com\/es-es\/help\/4027947\/microsoft-edge-delete-cookies<\/span><\/a><span style=\"font-weight: 400;\">\u00a0<\/span><\/li><li style=\"font-weight: 400;\" aria-level=\"1\"><b>Safari<\/b><span style=\"font-weight: 400;\">: <\/span><a href=\"http:\/\/support.apple.com\/kb\/ph5042\"><span style=\"font-weight: 400;\">http:\/\/support.apple.com\/kb\/ph5042<\/span><\/a><\/li><li style=\"font-weight: 400;\" aria-level=\"1\"><b>Opera<\/b><span style=\"font-weight: 400;\">: <\/span><a href=\"http:\/\/help.opera.com\/Windows\/11.50\/es-ES\/cookies.html\"><span style=\"font-weight: 400;\">http:\/\/help.opera.com\/Windows\/11.50\/es-ES\/cookies.html<\/span><\/a><\/li><li style=\"font-weight: 400;\" aria-level=\"1\"><b>Android:\u00a0<\/b><span style=\"font-weight: 400;\">https:\/\/support.google.com\/accounts\/answer\/61416?co=GENIE.Platform%3DAndroid&amp;hl=es<\/span><\/li><li style=\"font-weight: 400;\" aria-level=\"1\"><b>iPhone &amp; iPad: <\/b><span style=\"font-weight: 400;\">https:\/\/support.google.com\/chrome\/answer\/95647?hl=es&amp;co=GENIE.Platform%3DiOS&amp;oco=1<\/span><\/li><li style=\"font-weight: 400;\" aria-level=\"1\"><b>Otros navegadores<\/b><span style=\"font-weight: 400;\">: consulte la documentaci\u00f3n del navegador que tenga instalado.<\/span><\/li><\/ul><h3><b>Complemento de inhabilitaci\u00f3n para navegadores de Google Analytics<\/b><\/h3><p><span style=\"font-weight: 400;\">Si desea rechazar las cookies anal\u00edticas de Google Analytics en todos los navegadores, de forma que no se env\u00ede informaci\u00f3n suya a Google Analytics, puede descargar un complemento que realiza esta funci\u00f3n desde este enlace:<\/span><\/p><p><a href=\"https:\/\/tools.google.com\/dlpage\/gaoptout\"><span style=\"font-weight: 400;\">https:\/\/tools.google.com\/dlpage\/gaoptout<\/span><\/a><span style=\"font-weight: 400;\">.<\/span><\/p><h2><b>Ejercicio de derechos<\/b><\/h2><p><span style=\"font-weight: 400;\">Puede conocer y ejercer sus derechos en materia de protecci\u00f3n de datos accediendo a nuestra <\/span><span style=\"font-weight: 400;\">Pol\u00edtica de Privacidad<\/span><span style=\"font-weight: 400;\">.<\/span><\/p><p><b>Actualizaciones de la Pol\u00edtica de cookies<\/b><\/p><p><span style=\"font-weight: 400;\">Esta p\u00e1gina web puede modificar esta Pol\u00edtica de cookies, con el fin de estar adecuadamente informado sobre el uso que hacemos de las cookies. Le recomendamos revisar nuestra pol\u00edtica de cookies cada vez que acceda a nuestra p\u00e1gina web.\u00a0<\/span><\/p>\t\t\t\t\t\t\t\t<\/div>\n\t\t\t\t\t<\/div>\n\t\t<\/div>\n\t\t\t\t\t<\/div>\n\t\t<\/section>\n\t\t\t\t<\/div>\n\t\t","protected":false},"excerpt":{"rendered":"<p>Nuestro objetivo, es ser lo m\u00e1s transparentes posible con nuestros usuarios, sobre los fines del tratamiento de los datos que recopilamos.\u00a0 Mediante la lectura de la presente pol\u00edtica de cookies, el usuario queda informado de forma completa y accesible, sobre la utilizaci\u00f3n de los dispositivos de almacenamiento y recuperaci\u00f3n de datos, as\u00ed como lo fines &#8230; <a title=\"Pol\u00edtica de Cookies\" class=\"read-more\" href=\"https:\/\/groupedeco.com\/es\/politica-de-cookies\/\" aria-label=\"Leer m\u00e1s sobre Pol\u00edtica de Cookies\">Leer m\u00e1s<\/a><\/p>\n","protected":false},"author":2,"featured_media":0,"parent":0,"menu_order":0,"comment_status":"closed","ping_status":"closed","template":"","meta":{"footnotes":""},"class_list":["post-1750","page","type-page","status-publish"],"yoast_head":"<!-- This site is optimized with the Yoast SEO plugin v24.4 - https:\/\/yoast.com\/wordpress\/plugins\/seo\/ -->\n<title>Pol\u00edtica de Cookies | Groupe Deco<\/title>\n<meta name=\"robots\" content=\"noindex, nofollow\" \/>\n<meta property=\"og:locale\" content=\"es_ES\" \/>\n<meta property=\"og:type\" content=\"article\" \/>\n<meta property=\"og:title\" content=\"Pol\u00edtica de Cookies | Groupe Deco\" \/>\n<meta property=\"og:description\" content=\"Nuestro objetivo, es ser lo m\u00e1s transparentes posible con nuestros usuarios, sobre los fines del tratamiento de los datos que recopilamos.\u00a0 Mediante la lectura de la presente pol\u00edtica de cookies, el usuario queda informado de forma completa y accesible, sobre la utilizaci\u00f3n de los dispositivos de almacenamiento y recuperaci\u00f3n de datos, as\u00ed como lo fines ... Leer m\u00e1s\" \/>\n<meta property=\"og:url\" content=\"https:\/\/groupedeco.com\/es\/politica-de-cookies\/\" \/>\n<meta property=\"og:site_name\" content=\"Groupe Deco\" \/>\n<meta property=\"article:modified_time\" content=\"2023-12-12T15:51:35+00:00\" \/>\n<meta name=\"twitter:card\" content=\"summary_large_image\" \/>\n<meta name=\"twitter:label1\" content=\"Tiempo de lectura\" \/>\n\t<meta name=\"twitter:data1\" content=\"4 minutos\" \/>\n<script type=\"application\/ld+json\" class=\"yoast-schema-graph\">{\"@context\":\"https:\/\/schema.org\",\"@graph\":[{\"@type\":\"WebPage\",\"@id\":\"https:\/\/groupedeco.com\/es\/politica-de-cookies\/\",\"url\":\"https:\/\/groupedeco.com\/es\/politica-de-cookies\/\",\"name\":\"Pol\u00edtica de Cookies | Groupe Deco\",\"isPartOf\":{\"@id\":\"https:\/\/groupedeco.com\/#website\"},\"datePublished\":\"2021-11-02T13:16:59+00:00\",\"dateModified\":\"2023-12-12T15:51:35+00:00\",\"breadcrumb\":{\"@id\":\"https:\/\/groupedeco.com\/es\/politica-de-cookies\/#breadcrumb\"},\"inLanguage\":\"es\",\"potentialAction\":[{\"@type\":\"ReadAction\",\"target\":[\"https:\/\/groupedeco.com\/es\/politica-de-cookies\/\"]}]},{\"@type\":\"BreadcrumbList\",\"@id\":\"https:\/\/groupedeco.com\/es\/politica-de-cookies\/#breadcrumb\",\"itemListElement\":[{\"@type\":\"ListItem\",\"position\":1,\"name\":\"Portada\",\"item\":\"https:\/\/groupedeco.com\/es\/\"},{\"@type\":\"ListItem\",\"position\":2,\"name\":\"Pol\u00edtica de Cookies\"}]},{\"@type\":\"WebSite\",\"@id\":\"https:\/\/groupedeco.com\/#website\",\"url\":\"https:\/\/groupedeco.com\/\",\"name\":\"Groupe Deco\",\"description\":\"\",\"publisher\":{\"@id\":\"https:\/\/groupedeco.com\/#organization\"},\"potentialAction\":[{\"@type\":\"SearchAction\",\"target\":{\"@type\":\"EntryPoint\",\"urlTemplate\":\"https:\/\/groupedeco.com\/?s={search_term_string}\"},\"query-input\":{\"@type\":\"PropertyValueSpecification\",\"valueRequired\":true,\"valueName\":\"search_term_string\"}}],\"inLanguage\":\"es\"},{\"@type\":\"Organization\",\"@id\":\"https:\/\/groupedeco.com\/#organization\",\"name\":\"Groupe Deco\",\"url\":\"https:\/\/groupedeco.com\/\",\"logo\":{\"@type\":\"ImageObject\",\"inLanguage\":\"es\",\"@id\":\"https:\/\/groupedeco.com\/#\/schema\/logo\/image\/\",\"url\":\"http:\/\/groupedeco.com\/dev1\/wp-content\/uploads\/2021\/10\/logo-groupe-deco.png\",\"contentUrl\":\"http:\/\/groupedeco.com\/dev1\/wp-content\/uploads\/2021\/10\/logo-groupe-deco.png\",\"width\":242,\"height\":123,\"caption\":\"Groupe Deco\"},\"image\":{\"@id\":\"https:\/\/groupedeco.com\/#\/schema\/logo\/image\/\"}}]}<\/script>\n<!-- \/ Yoast SEO plugin. -->","yoast_head_json":{"title":"Pol\u00edtica de Cookies | Groupe Deco","robots":{"index":"noindex","follow":"nofollow"},"og_locale":"es_ES","og_type":"article","og_title":"Pol\u00edtica de Cookies | Groupe Deco","og_description":"Nuestro objetivo, es ser lo m\u00e1s transparentes posible con nuestros usuarios, sobre los fines del tratamiento de los datos que recopilamos.\u00a0 Mediante la lectura de la presente pol\u00edtica de cookies, el usuario queda informado de forma completa y accesible, sobre la utilizaci\u00f3n de los dispositivos de almacenamiento y recuperaci\u00f3n de datos, as\u00ed como lo fines ... Leer m\u00e1s","og_url":"https:\/\/groupedeco.com\/es\/politica-de-cookies\/","og_site_name":"Groupe Deco","article_modified_time":"2023-12-12T15:51:35+00:00","twitter_card":"summary_large_image","twitter_misc":{"Tiempo de lectura":"4 minutos"},"schema":{"@context":"https:\/\/schema.org","@graph":[{"@type":"WebPage","@id":"https:\/\/groupedeco.com\/es\/politica-de-cookies\/","url":"https:\/\/groupedeco.com\/es\/politica-de-cookies\/","name":"Pol\u00edtica de Cookies | Groupe Deco","isPartOf":{"@id":"https:\/\/groupedeco.com\/#website"},"datePublished":"2021-11-02T13:16:59+00:00","dateModified":"2023-12-12T15:51:35+00:00","breadcrumb":{"@id":"https:\/\/groupedeco.com\/es\/politica-de-cookies\/#breadcrumb"},"inLanguage":"es","potentialAction":[{"@type":"ReadAction","target":["https:\/\/groupedeco.com\/es\/politica-de-cookies\/"]}]},{"@type":"BreadcrumbList","@id":"https:\/\/groupedeco.com\/es\/politica-de-cookies\/#breadcrumb","itemListElement":[{"@type":"ListItem","position":1,"name":"Portada","item":"https:\/\/groupedeco.com\/es\/"},{"@type":"ListItem","position":2,"name":"Pol\u00edtica de Cookies"}]},{"@type":"WebSite","@id":"https:\/\/groupedeco.com\/#website","url":"https:\/\/groupedeco.com\/","name":"Groupe Deco","description":"","publisher":{"@id":"https:\/\/groupedeco.com\/#organization"},"potentialAction":[{"@type":"SearchAction","target":{"@type":"EntryPoint","urlTemplate":"https:\/\/groupedeco.com\/?s={search_term_string}"},"query-input":{"@type":"PropertyValueSpecification","valueRequired":true,"valueName":"search_term_string"}}],"inLanguage":"es"},{"@type":"Organization","@id":"https:\/\/groupedeco.com\/#organization","name":"Groupe Deco","url":"https:\/\/groupedeco.com\/","logo":{"@type":"ImageObject","inLanguage":"es","@id":"https:\/\/groupedeco.com\/#\/schema\/logo\/image\/","url":"http:\/\/groupedeco.com\/dev1\/wp-content\/uploads\/2021\/10\/logo-groupe-deco.png","contentUrl":"http:\/\/groupedeco.com\/dev1\/wp-content\/uploads\/2021\/10\/logo-groupe-deco.png","width":242,"height":123,"caption":"Groupe Deco"},"image":{"@id":"https:\/\/groupedeco.com\/#\/schema\/logo\/image\/"}}]}},"_links":{"self":[{"href":"https:\/\/groupedeco.com\/es\/wp-json\/wp\/v2\/pages\/1750","targetHints":{"allow":["GET"]}}],"collection":[{"href":"https:\/\/groupedeco.com\/es\/wp-json\/wp\/v2\/pages"}],"about":[{"href":"https:\/\/groupedeco.com\/es\/wp-json\/wp\/v2\/types\/page"}],"author":[{"embeddable":true,"href":"https:\/\/groupedeco.com\/es\/wp-json\/wp\/v2\/users\/2"}],"replies":[{"embeddable":true,"href":"https:\/\/groupedeco.com\/es\/wp-json\/wp\/v2\/comments?post=1750"}],"version-history":[{"count":4,"href":"https:\/\/groupedeco.com\/es\/wp-json\/wp\/v2\/pages\/1750\/revisions"}],"predecessor-version":[{"id":2115,"href":"https:\/\/groupedeco.com\/es\/wp-json\/wp\/v2\/pages\/1750\/revisions\/2115"}],"wp:attachment":[{"href":"https:\/\/groupedeco.com\/es\/wp-json\/wp\/v2\/media?parent=1750"}],"curies":[{"name":"wp","href":"https:\/\/api.w.org\/{rel}","templated":true}]}}